{"id":17635,"date":"2021-04-12T19:10:01","date_gmt":"2021-04-12T16:10:01","guid":{"rendered":"https:\/\/demo20.houzez.co\/?page_id=17635"},"modified":"2026-03-04T15:33:55","modified_gmt":"2026-03-04T13:33:55","slug":"hizmetlerimiz","status":"publish","type":"page","link":"https:\/\/halasrealestate.com\/en\/hizmetlerimiz\/","title":{"rendered":"Services"},"content":{"rendered":"<div data-elementor-type=\"wp-page\" data-elementor-id=\"17635\" class=\"elementor elementor-17635\">\n\t\t\t\t\t\t<section class=\"elementor-section elementor-top-section elementor-element elementor-element-0e0d57e elementor-section-boxed elementor-section-height-default elementor-section-height-default\" data-id=\"0e0d57e\" data-element_type=\"section\" data-e-type=\"section\" data-settings=\"{&quot;background_background&quot;:&quot;gradient&quot;}\">\n\t\t\t\t\t\t<div class=\"elementor-container elementor-column-gap-default\">\n\t\t\t\t\t<div class=\"elementor-column elementor-col-100 elementor-top-column elementor-element elementor-element-003478e\" data-id=\"003478e\" data-element_type=\"column\" data-e-type=\"column\">\n\t\t\t<div class=\"elementor-widget-wrap elementor-element-populated\">\n\t\t\t\t\t\t<section class=\"elementor-section elementor-inner-section elementor-element elementor-element-ff961e4 elementor-section-boxed elementor-section-height-default elementor-section-height-default\" data-id=\"ff961e4\" data-element_type=\"section\" data-e-type=\"section\">\n\t\t\t\t\t\t<div class=\"elementor-container elementor-column-gap-default\">\n\t\t\t\t\t<div class=\"elementor-column elementor-col-50 elementor-inner-column elementor-element elementor-element-9180286\" data-id=\"9180286\" data-element_type=\"column\" data-e-type=\"column\">\n\t\t\t<div class=\"elementor-widget-wrap elementor-element-populated\">\n\t\t\t\t\t\t<div class=\"elementor-element elementor-element-4b60918 elementor-invisible elementor-widget elementor-widget-heading\" data-id=\"4b60918\" data-element_type=\"widget\" data-e-type=\"widget\" data-settings=\"{&quot;_animation&quot;:&quot;fadeIn&quot;}\" data-widget_type=\"heading.default\">\n\t\t\t\t<div class=\"elementor-widget-container\">\n\t\t\t\t\t<h2 class=\"elementor-heading-title elementor-size-default\">Leader in real estate management<\/h2>\t\t\t\t<\/div>\n\t\t\t\t<\/div>\n\t\t\t\t<div class=\"elementor-element elementor-element-f3457d1 elementor-invisible elementor-widget elementor-widget-text-editor\" data-id=\"f3457d1\" data-element_type=\"widget\" data-e-type=\"widget\" data-settings=\"{&quot;_animation&quot;:&quot;fadeIn&quot;,&quot;_animation_delay&quot;:200}\" data-widget_type=\"text-editor.default\">\n\t\t\t\t<div class=\"elementor-widget-container\">\n\t\t\t\t\t\t\t\t\t<p>As a leader in property management, we are dedicated to providing services that maximize the value of your properties. Our experienced team uses proven strategies and advanced tools to effectively handle all aspects of property management, from client selection to maintenance and financial management. With our expertise and commitment, you can count on us to protect your investments and ensure a smooth experience for both property owners and clients. Experience the difference of working with us in property management.<\/p>\t\t\t\t\t\t\t\t<\/div>\n\t\t\t\t<\/div>\n\t\t\t\t\t<\/div>\n\t\t<\/div>\n\t\t\t\t<div class=\"elementor-column elementor-col-50 elementor-inner-column elementor-element elementor-element-6bbe9b6\" data-id=\"6bbe9b6\" data-element_type=\"column\" data-e-type=\"column\">\n\t\t\t<div class=\"elementor-widget-wrap elementor-element-populated\">\n\t\t\t\t\t\t<div class=\"elementor-element elementor-element-0f3c4b4 elementor-invisible elementor-widget elementor-widget-image\" data-id=\"0f3c4b4\" data-element_type=\"widget\" data-e-type=\"widget\" data-settings=\"{&quot;_animation&quot;:&quot;fadeIn&quot;,&quot;_animation_delay&quot;:400}\" data-widget_type=\"image.default\">\n\t\t\t\t<div class=\"elementor-widget-container\">\n\t\t\t\t\t\t\t\t\t\t\t\t\t\t\t<img decoding=\"async\" src=\"https:\/\/halasrealestate.com\/wp-content\/uploads\/elementor\/thumbs\/miami-beach-rjzaskxhwygpzmabsbqm69m2uyhzqmwpsfr831ir7k.jpg\" title=\"miami-beach.jpg\" alt=\"miami-beach.jpg\" loading=\"lazy\" \/>\t\t\t\t\t\t\t\t\t\t\t\t\t\t\t<\/div>\n\t\t\t\t<\/div>\n\t\t\t\t\t<\/div>\n\t\t<\/div>\n\t\t\t\t\t<\/div>\n\t\t<\/section>\n\t\t\t\t\t<\/div>\n\t\t<\/div>\n\t\t\t\t\t<\/div>\n\t\t<\/section>\n\t\t\t\t<section class=\"elementor-section elementor-top-section elementor-element elementor-element-73e54ff elementor-section-boxed elementor-section-height-default elementor-section-height-default elementor-invisible\" data-id=\"73e54ff\" data-element_type=\"section\" data-e-type=\"section\" data-settings=\"{&quot;animation&quot;:&quot;fadeIn&quot;}\">\n\t\t\t\t\t\t<div class=\"elementor-container elementor-column-gap-default\">\n\t\t\t\t\t<div class=\"elementor-column elementor-col-100 elementor-top-column elementor-element elementor-element-7c18683\" data-id=\"7c18683\" data-element_type=\"column\" data-e-type=\"column\">\n\t\t\t<div class=\"elementor-widget-wrap elementor-element-populated\">\n\t\t\t\t\t\t<div class=\"elementor-element elementor-element-c2cdc72 elementor-widget elementor-widget-heading\" data-id=\"c2cdc72\" data-element_type=\"widget\" data-e-type=\"widget\" data-settings=\"{&quot;_animation&quot;:&quot;none&quot;}\" data-widget_type=\"heading.default\">\n\t\t\t\t<div class=\"elementor-widget-container\">\n\t\t\t\t\t<h2 class=\"elementor-heading-title elementor-size-default\">Services<\/h2>\t\t\t\t<\/div>\n\t\t\t\t<\/div>\n\t\t\t\t<div class=\"elementor-element elementor-element-3dcc990 elementor-widget elementor-widget-heading\" data-id=\"3dcc990\" data-element_type=\"widget\" data-e-type=\"widget\" data-widget_type=\"heading.default\">\n\t\t\t\t<div class=\"elementor-widget-container\">\n\t\t\t\t\t<h2 class=\"elementor-heading-title elementor-size-default\">How we can help you?<\/h2>\t\t\t\t<\/div>\n\t\t\t\t<\/div>\n\t\t\t\t<section class=\"elementor-section elementor-inner-section elementor-element elementor-element-1e68509 elementor-section-boxed elementor-section-height-default elementor-section-height-default\" data-id=\"1e68509\" data-element_type=\"section\" data-e-type=\"section\">\n\t\t\t\t\t\t<div class=\"elementor-container elementor-column-gap-default\">\n\t\t\t\t\t<div class=\"elementor-column elementor-col-100 elementor-inner-column elementor-element elementor-element-8cca8fd\" data-id=\"8cca8fd\" data-element_type=\"column\" data-e-type=\"column\">\n\t\t\t<div class=\"elementor-widget-wrap elementor-element-populated\">\n\t\t\t\t\t\t<div class=\"elementor-element elementor-element-de85bcc elementor-widget elementor-widget-houzez_elementor_icon_box\" data-id=\"de85bcc\" data-element_type=\"widget\" data-e-type=\"widget\" data-widget_type=\"houzez_elementor_icon_box.default\">\n\t\t\t\t<div class=\"elementor-widget-container\">\n\t\t\t\t\t\n        <div class=\"text-with-icons-module module-3cols clearfix\">\n            \n                    <div class=\"text-with-icon-item text-with-icon-item-v2\">\n                        <div class=\"d-flex\">\n                            <div class=\"icon-thumb\">\n                                                            <\/div><!-- icon-thumb -->\n                            <div class=\"text-with-icon-content-wrap flex-grow-1\">\n                                <div class=\"text-with-icon-info\">\n                                    <div class=\"text-with-icon-title\">\n                                        <strong>Advisory<\/strong>\n                                    <\/div><!-- text-with-icon-title -->\n                                    <div class=\"text-with-icon-body\">\n                                        Expert real estate consulting for informed decisions and success. Personalized guidance, market knowledge and strategic planning to unlock your property's potential. Trust us for expert guidance in the dynamic world of real estate.                                    <\/div><!-- text-with-icon-body -->\n                                <\/div><!-- text-with-icon-info -->\n                                \n                                \n                            <\/div><!-- text-with-icon-content-wrap -->\n                        <\/div><!-- d-flex -->\n                    <\/div><!-- text-with-icon-item  -->\n\n            \n                    <div class=\"text-with-icon-item text-with-icon-item-v2\">\n                        <div class=\"d-flex\">\n                            <div class=\"icon-thumb\">\n                                                            <\/div><!-- icon-thumb -->\n                            <div class=\"text-with-icon-content-wrap flex-grow-1\">\n                                <div class=\"text-with-icon-info\">\n                                    <div class=\"text-with-icon-title\">\n                                        <strong>Management<\/strong>\n                                    <\/div><!-- text-with-icon-title -->\n                                    <div class=\"text-with-icon-body\">\n                                        Effortless property management. Our experienced team handles all aspects from tenant management to maintenance, ensuring optimal returns. Trust us to protect your investments and provide property management services.                                    <\/div><!-- text-with-icon-body -->\n                                <\/div><!-- text-with-icon-info -->\n                                \n                                \n                            <\/div><!-- text-with-icon-content-wrap -->\n                        <\/div><!-- d-flex -->\n                    <\/div><!-- text-with-icon-item  -->\n\n            \n                    <div class=\"text-with-icon-item text-with-icon-item-v2\">\n                        <div class=\"d-flex\">\n                            <div class=\"icon-thumb\">\n                                                            <\/div><!-- icon-thumb -->\n                            <div class=\"text-with-icon-content-wrap flex-grow-1\">\n                                <div class=\"text-with-icon-info\">\n                                    <div class=\"text-with-icon-title\">\n                                        <strong>Value Determination<\/strong>\n                                    <\/div><!-- text-with-icon-title -->\n                                    <div class=\"text-with-icon-body\">\n                                        Property valuation services for the right decisions. Our team of experts uses market analysis and industry knowledge to determine the true value of your property. Trust us for value reports backed by expertise and integrity.                                    <\/div><!-- text-with-icon-body -->\n                                <\/div><!-- text-with-icon-info -->\n                                \n                                \n                            <\/div><!-- text-with-icon-content-wrap -->\n                        <\/div><!-- d-flex -->\n                    <\/div><!-- text-with-icon-item  -->\n\n            \n                    <div class=\"text-with-icon-item text-with-icon-item-v2\">\n                        <div class=\"d-flex\">\n                            <div class=\"icon-thumb\">\n                                                            <\/div><!-- icon-thumb -->\n                            <div class=\"text-with-icon-content-wrap flex-grow-1\">\n                                <div class=\"text-with-icon-info\">\n                                    <div class=\"text-with-icon-title\">\n                                        <strong>Leasing<\/strong>\n                                    <\/div><!-- text-with-icon-title -->\n                                    <div class=\"text-with-icon-body\">\n                                        Effortless rental solutions for landlords and tenants. Our dedicated team streamlines the process, ensuring smooth tenant placement and hassle-free lease management. Trust us to find the perfect match for your property and facilitate a stress-free rental experience.                                    <\/div><!-- text-with-icon-body -->\n                                <\/div><!-- text-with-icon-info -->\n                                \n                                \n                            <\/div><!-- text-with-icon-content-wrap -->\n                        <\/div><!-- d-flex -->\n                    <\/div><!-- text-with-icon-item  -->\n\n            \n                    <div class=\"text-with-icon-item text-with-icon-item-v2\">\n                        <div class=\"d-flex\">\n                            <div class=\"icon-thumb\">\n                                                            <\/div><!-- icon-thumb -->\n                            <div class=\"text-with-icon-content-wrap flex-grow-1\">\n                                <div class=\"text-with-icon-info\">\n                                    <div class=\"text-with-icon-title\">\n                                        <strong>Investment Strategy<\/strong>\n                                    <\/div><!-- text-with-icon-title -->\n                                    <div class=\"text-with-icon-body\">\n                                        Strategic capital solutions for real estate investments. Our team offers expert guidance and access to capital resources to maximize your investment potential. We will help you navigate the complexities of real estate financing and unlock opportunities for growth and profitability.                                    <\/div><!-- text-with-icon-body -->\n                                <\/div><!-- text-with-icon-info -->\n                                \n                                \n                            <\/div><!-- text-with-icon-content-wrap -->\n                        <\/div><!-- d-flex -->\n                    <\/div><!-- text-with-icon-item  -->\n\n            \n                    <div class=\"text-with-icon-item text-with-icon-item-v2\">\n                        <div class=\"d-flex\">\n                            <div class=\"icon-thumb\">\n                                                            <\/div><!-- icon-thumb -->\n                            <div class=\"text-with-icon-content-wrap flex-grow-1\">\n                                <div class=\"text-with-icon-info\">\n                                    <div class=\"text-with-icon-title\">\n                                        <strong>Investment<\/strong>\n                                    <\/div><!-- text-with-icon-title -->\n                                    <div class=\"text-with-icon-body\">\n                                        Investment expertise for lucrative real estate opportunities. Our team offers in-depth market analysis and personalized strategies to help you make smart investment decisions. We will guide you in identifying high-potential properties and help you realize profitable returns on your real estate investments.                                    <\/div><!-- text-with-icon-body -->\n                                <\/div><!-- text-with-icon-info -->\n                                \n                                \n                            <\/div><!-- text-with-icon-content-wrap -->\n                        <\/div><!-- d-flex -->\n                    <\/div><!-- text-with-icon-item  -->\n\n                    <\/div>\n    \t\t\t\t<\/div>\n\t\t\t\t<\/div>\n\t\t\t\t\t<\/div>\n\t\t<\/div>\n\t\t\t\t\t<\/div>\n\t\t<\/section>\n\t\t\t\t\t<\/div>\n\t\t<\/div>\n\t\t\t\t\t<\/div>\n\t\t<\/section>\n\t\t\t\t<\/div>","protected":false},"excerpt":{"rendered":"<p>Gayrimenkul y\u00f6netiminde lider M\u00fclk y\u00f6netiminde lider olarak, m\u00fclklerinizin de\u011ferini en \u00fcst d\u00fczeye \u00e7\u0131karan hizmetler sunmaya kendimizi adad\u0131k. Deneyimli ekibimiz, m\u00fc\u015fteri se\u00e7iminden bak\u0131m ve finansal y\u00f6netime kadar m\u00fclk y\u00f6netiminin t\u00fcm y\u00f6nlerini etkin bir \u015fekilde ele almak i\u00e7in kan\u0131tlanm\u0131\u015f stratejiler ve geli\u015fmi\u015f ara\u00e7lar kullanmaktad\u0131r. Uzmanl\u0131\u011f\u0131m\u0131z ve taahh\u00fcd\u00fcm\u00fczle, yat\u0131r\u0131mlar\u0131n\u0131z\u0131 korumak ve hem m\u00fclk sahipleri hem de m\u00fc\u015fteriler i\u00e7in [&hellip;]<\/p>\n","protected":false},"author":11,"featured_media":0,"parent":0,"menu_order":0,"comment_status":"closed","ping_status":"closed","template":"elementor_header_footer","meta":{"_themeisle_gutenberg_block_has_review":false,"footnotes":""},"class_list":["post-17635","page","type-page","status-publish","hentry"],"yoast_head":"<!-- This site is optimized with the Yoast SEO plugin v27.1.1 - https:\/\/yoast.com\/product\/yoast-seo-wordpress\/ -->\n<title>Hizmetlerimiz - Halas Real Estate<\/title>\n<meta name=\"robots\" content=\"index, follow, max-snippet:-1, max-image-preview:large, max-video-preview:-1\" \/>\n<link rel=\"canonical\" href=\"https:\/\/halasrealestate.com\/en\/hizmetlerimiz\/\" \/>\n<meta property=\"og:locale\" content=\"en_US\" \/>\n<meta property=\"og:type\" content=\"article\" \/>\n<meta property=\"og:title\" content=\"Hizmetlerimiz - Halas Real Estate\" \/>\n<meta property=\"og:description\" content=\"Gayrimenkul y\u00f6netiminde lider M\u00fclk y\u00f6netiminde lider olarak, m\u00fclklerinizin de\u011ferini en \u00fcst d\u00fczeye \u00e7\u0131karan hizmetler sunmaya kendimizi adad\u0131k. Deneyimli ekibimiz, m\u00fc\u015fteri se\u00e7iminden bak\u0131m ve finansal y\u00f6netime kadar m\u00fclk y\u00f6netiminin t\u00fcm y\u00f6nlerini etkin bir \u015fekilde ele almak i\u00e7in kan\u0131tlanm\u0131\u015f stratejiler ve geli\u015fmi\u015f ara\u00e7lar kullanmaktad\u0131r. Uzmanl\u0131\u011f\u0131m\u0131z ve taahh\u00fcd\u00fcm\u00fczle, yat\u0131r\u0131mlar\u0131n\u0131z\u0131 korumak ve hem m\u00fclk sahipleri hem de m\u00fc\u015fteriler i\u00e7in [&hellip;]\" \/>\n<meta property=\"og:url\" content=\"https:\/\/halasrealestate.com\/en\/hizmetlerimiz\/\" \/>\n<meta property=\"og:site_name\" content=\"Halas Real Estate\" \/>\n<meta property=\"article:publisher\" content=\"https:\/\/www.facebook.com\/halas.realestate\" \/>\n<meta property=\"article:modified_time\" content=\"2026-03-04T13:33:55+00:00\" \/>\n<meta property=\"og:image\" content=\"https:\/\/halasrealestate.com\/wp-content\/uploads\/elementor\/thumbs\/miami-beach-rjzaskxhwygpzmabsbqm69m2uyhzqmwpsfr831ir7k.jpg\" \/>\n<meta name=\"twitter:card\" content=\"summary_large_image\" \/>\n<meta name=\"twitter:label1\" content=\"Est. reading time\" \/>\n\t<meta name=\"twitter:data1\" content=\"2 minutes\" \/>\n<script type=\"application\/ld+json\" class=\"yoast-schema-graph\">{\"@context\":\"https:\/\/schema.org\",\"@graph\":[{\"@type\":\"WebPage\",\"@id\":\"https:\/\/halasrealestate.com\/hizmetlerimiz\/\",\"url\":\"https:\/\/halasrealestate.com\/hizmetlerimiz\/\",\"name\":\"Hizmetlerimiz - Halas Real Estate\",\"isPartOf\":{\"@id\":\"https:\/\/halasrealestate.com\/#website\"},\"primaryImageOfPage\":{\"@id\":\"https:\/\/halasrealestate.com\/hizmetlerimiz\/#primaryimage\"},\"image\":{\"@id\":\"https:\/\/halasrealestate.com\/hizmetlerimiz\/#primaryimage\"},\"thumbnailUrl\":\"https:\/\/halasrealestate.com\/wp-content\/uploads\/elementor\/thumbs\/miami-beach-rjzaskxhwygpzmabsbqm69m2uyhzqmwpsfr831ir7k.jpg\",\"datePublished\":\"2021-04-12T16:10:01+00:00\",\"dateModified\":\"2026-03-04T13:33:55+00:00\",\"breadcrumb\":{\"@id\":\"https:\/\/halasrealestate.com\/hizmetlerimiz\/#breadcrumb\"},\"inLanguage\":\"en-US\",\"potentialAction\":[{\"@type\":\"ReadAction\",\"target\":[\"https:\/\/halasrealestate.com\/hizmetlerimiz\/\"]}]},{\"@type\":\"ImageObject\",\"inLanguage\":\"en-US\",\"@id\":\"https:\/\/halasrealestate.com\/hizmetlerimiz\/#primaryimage\",\"url\":\"https:\/\/halasrealestate.com\/wp-content\/uploads\/elementor\/thumbs\/miami-beach-rjzaskxhwygpzmabsbqm69m2uyhzqmwpsfr831ir7k.jpg\",\"contentUrl\":\"https:\/\/halasrealestate.com\/wp-content\/uploads\/elementor\/thumbs\/miami-beach-rjzaskxhwygpzmabsbqm69m2uyhzqmwpsfr831ir7k.jpg\"},{\"@type\":\"BreadcrumbList\",\"@id\":\"https:\/\/halasrealestate.com\/hizmetlerimiz\/#breadcrumb\",\"itemListElement\":[{\"@type\":\"ListItem\",\"position\":1,\"name\":\"Home\",\"item\":\"https:\/\/halasrealestate.com\/\"},{\"@type\":\"ListItem\",\"position\":2,\"name\":\"Hizmetlerimiz\"}]},{\"@type\":\"WebSite\",\"@id\":\"https:\/\/halasrealestate.com\/#website\",\"url\":\"https:\/\/halasrealestate.com\/\",\"name\":\"Halas Real Estate\",\"description\":\"We make you profit\",\"publisher\":{\"@id\":\"https:\/\/halasrealestate.com\/#organization\"},\"potentialAction\":[{\"@type\":\"SearchAction\",\"target\":{\"@type\":\"EntryPoint\",\"urlTemplate\":\"https:\/\/halasrealestate.com\/?s={search_term_string}\"},\"query-input\":{\"@type\":\"PropertyValueSpecification\",\"valueRequired\":true,\"valueName\":\"search_term_string\"}}],\"inLanguage\":\"en-US\"},{\"@type\":\"Organization\",\"@id\":\"https:\/\/halasrealestate.com\/#organization\",\"name\":\"Halas Real Estate\",\"url\":\"https:\/\/halasrealestate.com\/\",\"logo\":{\"@type\":\"ImageObject\",\"inLanguage\":\"en-US\",\"@id\":\"https:\/\/halasrealestate.com\/#\/schema\/logo\/image\/\",\"url\":\"https:\/\/halasrealestate.com\/wp-content\/uploads\/2023\/08\/halas-realestate-logo-2x-black.png\",\"contentUrl\":\"https:\/\/halasrealestate.com\/wp-content\/uploads\/2023\/08\/halas-realestate-logo-2x-black.png\",\"width\":2000,\"height\":729,\"caption\":\"Halas Real Estate\"},\"image\":{\"@id\":\"https:\/\/halasrealestate.com\/#\/schema\/logo\/image\/\"},\"sameAs\":[\"https:\/\/www.facebook.com\/halas.realestate\"]}]}<\/script>\n<!-- \/ Yoast SEO plugin. -->","yoast_head_json":{"title":"Hizmetlerimiz - Halas Real Estate","robots":{"index":"index","follow":"follow","max-snippet":"max-snippet:-1","max-image-preview":"max-image-preview:large","max-video-preview":"max-video-preview:-1"},"canonical":"https:\/\/halasrealestate.com\/en\/hizmetlerimiz\/","og_locale":"en_US","og_type":"article","og_title":"Hizmetlerimiz - Halas Real Estate","og_description":"Gayrimenkul y\u00f6netiminde lider M\u00fclk y\u00f6netiminde lider olarak, m\u00fclklerinizin de\u011ferini en \u00fcst d\u00fczeye \u00e7\u0131karan hizmetler sunmaya kendimizi adad\u0131k. Deneyimli ekibimiz, m\u00fc\u015fteri se\u00e7iminden bak\u0131m ve finansal y\u00f6netime kadar m\u00fclk y\u00f6netiminin t\u00fcm y\u00f6nlerini etkin bir \u015fekilde ele almak i\u00e7in kan\u0131tlanm\u0131\u015f stratejiler ve geli\u015fmi\u015f ara\u00e7lar kullanmaktad\u0131r. Uzmanl\u0131\u011f\u0131m\u0131z ve taahh\u00fcd\u00fcm\u00fczle, yat\u0131r\u0131mlar\u0131n\u0131z\u0131 korumak ve hem m\u00fclk sahipleri hem de m\u00fc\u015fteriler i\u00e7in [&hellip;]","og_url":"https:\/\/halasrealestate.com\/en\/hizmetlerimiz\/","og_site_name":"Halas Real Estate","article_publisher":"https:\/\/www.facebook.com\/halas.realestate","article_modified_time":"2026-03-04T13:33:55+00:00","og_image":[{"url":"https:\/\/halasrealestate.com\/wp-content\/uploads\/elementor\/thumbs\/miami-beach-rjzaskxhwygpzmabsbqm69m2uyhzqmwpsfr831ir7k.jpg","type":"","width":"","height":""}],"twitter_card":"summary_large_image","twitter_misc":{"Est. reading time":"2 minutes"},"schema":{"@context":"https:\/\/schema.org","@graph":[{"@type":"WebPage","@id":"https:\/\/halasrealestate.com\/hizmetlerimiz\/","url":"https:\/\/halasrealestate.com\/hizmetlerimiz\/","name":"Hizmetlerimiz - Halas Real Estate","isPartOf":{"@id":"https:\/\/halasrealestate.com\/#website"},"primaryImageOfPage":{"@id":"https:\/\/halasrealestate.com\/hizmetlerimiz\/#primaryimage"},"image":{"@id":"https:\/\/halasrealestate.com\/hizmetlerimiz\/#primaryimage"},"thumbnailUrl":"https:\/\/halasrealestate.com\/wp-content\/uploads\/elementor\/thumbs\/miami-beach-rjzaskxhwygpzmabsbqm69m2uyhzqmwpsfr831ir7k.jpg","datePublished":"2021-04-12T16:10:01+00:00","dateModified":"2026-03-04T13:33:55+00:00","breadcrumb":{"@id":"https:\/\/halasrealestate.com\/hizmetlerimiz\/#breadcrumb"},"inLanguage":"en-US","potentialAction":[{"@type":"ReadAction","target":["https:\/\/halasrealestate.com\/hizmetlerimiz\/"]}]},{"@type":"ImageObject","inLanguage":"en-US","@id":"https:\/\/halasrealestate.com\/hizmetlerimiz\/#primaryimage","url":"https:\/\/halasrealestate.com\/wp-content\/uploads\/elementor\/thumbs\/miami-beach-rjzaskxhwygpzmabsbqm69m2uyhzqmwpsfr831ir7k.jpg","contentUrl":"https:\/\/halasrealestate.com\/wp-content\/uploads\/elementor\/thumbs\/miami-beach-rjzaskxhwygpzmabsbqm69m2uyhzqmwpsfr831ir7k.jpg"},{"@type":"BreadcrumbList","@id":"https:\/\/halasrealestate.com\/hizmetlerimiz\/#breadcrumb","itemListElement":[{"@type":"ListItem","position":1,"name":"Home","item":"https:\/\/halasrealestate.com\/"},{"@type":"ListItem","position":2,"name":"Hizmetlerimiz"}]},{"@type":"WebSite","@id":"https:\/\/halasrealestate.com\/#website","url":"https:\/\/halasrealestate.com\/","name":"Halas Real Estate","description":"We make you profit","publisher":{"@id":"https:\/\/halasrealestate.com\/#organization"},"potentialAction":[{"@type":"SearchAction","target":{"@type":"EntryPoint","urlTemplate":"https:\/\/halasrealestate.com\/?s={search_term_string}"},"query-input":{"@type":"PropertyValueSpecification","valueRequired":true,"valueName":"search_term_string"}}],"inLanguage":"en-US"},{"@type":"Organization","@id":"https:\/\/halasrealestate.com\/#organization","name":"Halas Real Estate","url":"https:\/\/halasrealestate.com\/","logo":{"@type":"ImageObject","inLanguage":"en-US","@id":"https:\/\/halasrealestate.com\/#\/schema\/logo\/image\/","url":"https:\/\/halasrealestate.com\/wp-content\/uploads\/2023\/08\/halas-realestate-logo-2x-black.png","contentUrl":"https:\/\/halasrealestate.com\/wp-content\/uploads\/2023\/08\/halas-realestate-logo-2x-black.png","width":2000,"height":729,"caption":"Halas Real Estate"},"image":{"@id":"https:\/\/halasrealestate.com\/#\/schema\/logo\/image\/"},"sameAs":["https:\/\/www.facebook.com\/halas.realestate"]}]}},"_links":{"self":[{"href":"https:\/\/halasrealestate.com\/en\/wp-json\/wp\/v2\/pages\/17635","targetHints":{"allow":["GET"]}}],"collection":[{"href":"https:\/\/halasrealestate.com\/en\/wp-json\/wp\/v2\/pages"}],"about":[{"href":"https:\/\/halasrealestate.com\/en\/wp-json\/wp\/v2\/types\/page"}],"author":[{"embeddable":true,"href":"https:\/\/halasrealestate.com\/en\/wp-json\/wp\/v2\/users\/11"}],"replies":[{"embeddable":true,"href":"https:\/\/halasrealestate.com\/en\/wp-json\/wp\/v2\/comments?post=17635"}],"version-history":[{"count":110,"href":"https:\/\/halasrealestate.com\/en\/wp-json\/wp\/v2\/pages\/17635\/revisions"}],"predecessor-version":[{"id":25561,"href":"https:\/\/halasrealestate.com\/en\/wp-json\/wp\/v2\/pages\/17635\/revisions\/25561"}],"wp:attachment":[{"href":"https:\/\/halasrealestate.com\/en\/wp-json\/wp\/v2\/media?parent=17635"}],"curies":[{"name":"wp","href":"https:\/\/api.w.org\/{rel}","templated":true}]}}